{"id":74,"date":"2023-03-29T15:36:40","date_gmt":"2023-03-29T15:36:40","guid":{"rendered":"https:\/\/medesenglishschool.com\/?page_id=74"},"modified":"2025-07-06T16:12:54","modified_gmt":"2025-07-06T16:12:54","slug":"programa","status":"publish","type":"page","link":"https:\/\/medesenglishschool.com\/index.php\/programa\/","title":{"rendered":"Programa"},"content":{"rendered":"\t\t<div data-elementor-type=\"wp-page\" data-elementor-id=\"74\" class=\"elementor elementor-74\">\n\t\t\t\t\t\t<section class=\"elementor-section elementor-top-section elementor-element elementor-element-31349eef elementor-section-boxed elementor-section-height-default elementor-section-height-default\" data-id=\"31349eef\" data-element_type=\"section\" data-e-type=\"section\" data-settings=\"{&quot;background_background&quot;:&quot;classic&quot;,&quot;shape_divider_bottom&quot;:&quot;arrow&quot;}\">\n\t\t\t\t\t\t\t<div class=\"elementor-background-overlay\"><\/div>\n\t\t\t\t\t\t<div class=\"elementor-shape elementor-shape-bottom\" aria-hidden=\"true\" data-negative=\"false\">\n\t\t\t<svg xmlns=\"http:\/\/www.w3.org\/2000\/svg\" viewBox=\"0 0 700 10\" preserveAspectRatio=\"none\">\n\t<path class=\"elementor-shape-fill\" d=\"M350,10L340,0h20L350,10z\"\/>\n<\/svg>\t\t<\/div>\n\t\t\t\t\t<div class=\"elementor-container elementor-column-gap-default\">\n\t\t\t\t\t<div class=\"elementor-column elementor-col-100 elementor-top-column elementor-element elementor-element-76c89ebb\" data-id=\"76c89ebb\" data-element_type=\"column\" data-e-type=\"column\">\n\t\t\t<div class=\"elementor-widget-wrap elementor-element-populated\">\n\t\t\t\t\t\t<div class=\"elementor-element elementor-element-57ad9e6a elementor-widget elementor-widget-heading\" data-id=\"57ad9e6a\" data-element_type=\"widget\" data-e-type=\"widget\" data-widget_type=\"heading.default\">\n\t\t\t\t<div class=\"elementor-widget-container\">\n\t\t\t\t\t<h2 class=\"elementor-heading-title elementor-size-default\">Programa<\/h2>\t\t\t\t<\/div>\n\t\t\t\t<\/div>\n\t\t\t\t\t<\/div>\n\t\t<\/div>\n\t\t\t\t\t<\/div>\n\t\t<\/section>\n\t\t\t\t<section class=\"elementor-section elementor-top-section elementor-element elementor-element-18b92f9a elementor-section-content-middle elementor-section-boxed elementor-section-height-default elementor-section-height-default\" data-id=\"18b92f9a\" data-element_type=\"section\" data-e-type=\"section\" data-settings=\"{&quot;background_background&quot;:&quot;classic&quot;,&quot;background_motion_fx_motion_fx_scrolling&quot;:&quot;yes&quot;,&quot;background_motion_fx_translateX_effect&quot;:&quot;yes&quot;,&quot;background_motion_fx_translateX_speed&quot;:{&quot;unit&quot;:&quot;px&quot;,&quot;size&quot;:5,&quot;sizes&quot;:[]},&quot;background_motion_fx_translateX_affectedRange&quot;:{&quot;unit&quot;:&quot;%&quot;,&quot;size&quot;:&quot;&quot;,&quot;sizes&quot;:{&quot;start&quot;:0,&quot;end&quot;:100}},&quot;background_motion_fx_devices&quot;:[&quot;desktop&quot;,&quot;tablet&quot;,&quot;mobile&quot;]}\">\n\t\t\t\t\t\t<div class=\"elementor-container elementor-column-gap-default\">\n\t\t\t\t\t<div class=\"elementor-column elementor-col-50 elementor-top-column elementor-element elementor-element-3df2067b elementor-invisible\" data-id=\"3df2067b\" data-element_type=\"column\" data-e-type=\"column\" data-settings=\"{&quot;animation&quot;:&quot;zoomInRight&quot;}\">\n\t\t\t<div class=\"elementor-widget-wrap elementor-element-populated\">\n\t\t\t\t\t\t<div class=\"elementor-element elementor-element-273f837e elementor-widget elementor-widget-elementskit-heading\" data-id=\"273f837e\" data-element_type=\"widget\" data-e-type=\"widget\" data-widget_type=\"elementskit-heading.default\">\n\t\t\t\t<div class=\"elementor-widget-container\">\n\t\t\t\t\t<div class=\"ekit-wid-con\" ><div class=\"ekit-heading elementskit-section-title-wraper text_left   ekit_heading_tablet-text_center   ekit_heading_mobile-\"><h4 class=\"elementskit-section-subtitle  \">\n\t\t\t\t\t\tNuestro programa\n\t\t\t\t\t<\/h4><h2 class=\"ekit-heading--title elementskit-section-title \">ESSENTIAL LIVING ENGLISH<\/h2><div class=\"ekit_heading_separetor_wraper ekit_heading_elementskit-border-divider ekit-dotted\"><div class=\"elementskit-border-divider ekit-dotted\"><\/div><\/div>\t\t\t\t<div class='ekit-heading__description'>\n\t\t\t\t\t<p>En un mundo cada vez m\u00e1s interconectado, el dominio del idioma ingl\u00e9s se ha consolidado como una puerta de acceso imprescindible a nuevas oportunidades profesionales, acad\u00e9micas y personales. Reconociendo esta realidad, el programa <strong>Essential Living English (ELE)<\/strong> surge como una propuesta educativa innovadora y transformadora, dise\u00f1ada para derribar las barreras tradicionales del aprendizaje y llevar el dominio del ingl\u00e9s a un nivel pr\u00e1ctico, real y accesible para todas las personas.<\/p>\n<p><strong>Essential Living English<\/strong> es la respuesta a la necesidad de tener la sensaci\u00f3n de que, aunque entiendes el idioma, no logran comunicarse con soltura y confianza en la vida real. Es un programa que prioriza el uso activo del idioma, la participaci\u00f3n constante y la aplicaci\u00f3n inmediata del ingl\u00e9s en contextos cotidianos y profesionales.<\/p>\n<p><strong>BONDADES DE ESSENTIAL LIVING ENGLISH!!<\/strong><\/p>\n<ol>\n<li>Eliminaci\u00f3n de la barrera del aprendizaje pasivo.<\/li>\n<li>Enfoque en la fluidez y la comunicaci\u00f3n oral.<\/li>\n<li>Evoluci\u00f3n gradual y personalizaci\u00f3n del aprendizaje.<\/li>\n<li>Metodolog\u00eda pr\u00e1ctica y real.<\/li>\n<li>Resultados inmediatos y aplicables.<\/li>\n<li>Fomento de competencias transversales.<\/li>\n<li>Participaci\u00f3n activa y motivaci\u00f3n constante.<\/li>\n<li>Docentes comprometidos y experiencia transformadora.<\/li>\n<li>Adaptabilidad a diferentes perfiles y necesidades.<\/li>\n<li>Innovaci\u00f3n continua y actualizaci\u00f3n permanente.<\/li>\n<\/ol>\n\t\t\t\t<\/div>\n\t\t\t<\/div><\/div>\t\t\t\t<\/div>\n\t\t\t\t<\/div>\n\t\t\t\t\t<\/div>\n\t\t<\/div>\n\t\t\t\t<div class=\"elementor-column elementor-col-50 elementor-top-column elementor-element elementor-element-5b93d9d4 elementor-invisible\" data-id=\"5b93d9d4\" data-element_type=\"column\" data-e-type=\"column\" data-settings=\"{&quot;animation&quot;:&quot;zoomInLeft&quot;}\">\n\t\t\t<div class=\"elementor-widget-wrap elementor-element-populated\">\n\t\t\t\t\t\t<div class=\"elementor-element elementor-element-48d4388d elementor-widget elementor-widget-image\" data-id=\"48d4388d\" data-element_type=\"widget\" data-e-type=\"widget\" data-widget_type=\"image.default\">\n\t\t\t\t<div class=\"elementor-widget-container\">\n\t\t\t\t\t\t\t\t\t\t\t\t\t\t\t<img fetchpriority=\"high\" decoding=\"async\" width=\"800\" height=\"533\" src=\"https:\/\/medesenglishschool.com\/wp-content\/uploads\/2023\/04\/ELE-METAS-1024x682.jpg\" class=\"attachment-large size-large wp-image-911\" alt=\"\" srcset=\"https:\/\/medesenglishschool.com\/wp-content\/uploads\/2023\/04\/ELE-METAS-1024x682.jpg 1024w, https:\/\/medesenglishschool.com\/wp-content\/uploads\/2023\/04\/ELE-METAS-300x200.jpg 300w, https:\/\/medesenglishschool.com\/wp-content\/uploads\/2023\/04\/ELE-METAS-768x512.jpg 768w, https:\/\/medesenglishschool.com\/wp-content\/uploads\/2023\/04\/ELE-METAS.jpg 1118w\" sizes=\"(max-width: 800px) 100vw, 800px\" \/>\t\t\t\t\t\t\t\t\t\t\t\t\t\t\t<\/div>\n\t\t\t\t<\/div>\n\t\t\t\t\t<\/div>\n\t\t<\/div>\n\t\t\t\t\t<\/div>\n\t\t<\/section>\n\t\t\t\t<\/div>\n\t\t","protected":false},"excerpt":{"rendered":"<p>Programa Nuestro programa ESSENTIAL LIVING ENGLISH En un mundo cada vez m\u00e1s interconectado, el dominio del idioma ingl\u00e9s se ha consolidado como una puerta de acceso imprescindible a nuevas oportunidades profesionales, acad\u00e9micas y personales. Reconociendo esta realidad, el programa Essential Living English (ELE) surge como una propuesta educativa innovadora y transformadora, dise\u00f1ada para derribar las&#8230;<\/p>\n","protected":false},"author":1,"featured_media":0,"parent":0,"menu_order":0,"comment_status":"closed","ping_status":"closed","template":"","meta":{"footnotes":""},"class_list":["post-74","page","type-page","status-publish","hentry"],"_links":{"self":[{"href":"https:\/\/medesenglishschool.com\/index.php\/wp-json\/wp\/v2\/pages\/74","targetHints":{"allow":["GET"]}}],"collection":[{"href":"https:\/\/medesenglishschool.com\/index.php\/wp-json\/wp\/v2\/pages"}],"about":[{"href":"https:\/\/medesenglishschool.com\/index.php\/wp-json\/wp\/v2\/types\/page"}],"author":[{"embeddable":true,"href":"https:\/\/medesenglishschool.com\/index.php\/wp-json\/wp\/v2\/users\/1"}],"replies":[{"embeddable":true,"href":"https:\/\/medesenglishschool.com\/index.php\/wp-json\/wp\/v2\/comments?post=74"}],"version-history":[{"count":28,"href":"https:\/\/medesenglishschool.com\/index.php\/wp-json\/wp\/v2\/pages\/74\/revisions"}],"predecessor-version":[{"id":1227,"href":"https:\/\/medesenglishschool.com\/index.php\/wp-json\/wp\/v2\/pages\/74\/revisions\/1227"}],"wp:attachment":[{"href":"https:\/\/medesenglishschool.com\/index.php\/wp-json\/wp\/v2\/media?parent=74"}],"curies":[{"name":"wp","href":"https:\/\/api.w.org\/{rel}","templated":true}]}}