{"id":82,"date":"2023-03-29T15:38:32","date_gmt":"2023-03-29T15:38:32","guid":{"rendered":"https:\/\/medesenglishschool.com\/?page_id=82"},"modified":"2025-07-06T12:06:41","modified_gmt":"2025-07-06T12:06:41","slug":"talleres-de-practica","status":"publish","type":"page","link":"https:\/\/medesenglishschool.com\/index.php\/talleres-de-practica\/","title":{"rendered":"Talleres de pr\u00e1ctica"},"content":{"rendered":"\t\t<div data-elementor-type=\"wp-page\" data-elementor-id=\"82\" class=\"elementor elementor-82\">\n\t\t\t\t\t\t<section class=\"elementor-section elementor-top-section elementor-element elementor-element-e4619d4 elementor-section-boxed elementor-section-height-default elementor-section-height-default\" data-id=\"e4619d4\" data-element_type=\"section\" data-e-type=\"section\" data-settings=\"{&quot;background_background&quot;:&quot;classic&quot;,&quot;shape_divider_bottom&quot;:&quot;arrow&quot;}\">\n\t\t\t\t\t\t\t<div class=\"elementor-background-overlay\"><\/div>\n\t\t\t\t\t\t<div class=\"elementor-shape elementor-shape-bottom\" aria-hidden=\"true\" data-negative=\"false\">\n\t\t\t<svg xmlns=\"http:\/\/www.w3.org\/2000\/svg\" viewBox=\"0 0 700 10\" preserveAspectRatio=\"none\">\n\t<path class=\"elementor-shape-fill\" d=\"M350,10L340,0h20L350,10z\"\/>\n<\/svg>\t\t<\/div>\n\t\t\t\t\t<div class=\"elementor-container elementor-column-gap-default\">\n\t\t\t\t\t<div class=\"elementor-column elementor-col-100 elementor-top-column elementor-element elementor-element-27605602\" data-id=\"27605602\" data-element_type=\"column\" data-e-type=\"column\">\n\t\t\t<div class=\"elementor-widget-wrap elementor-element-populated\">\n\t\t\t\t\t\t<div class=\"elementor-element elementor-element-31b8c069 elementor-widget elementor-widget-heading\" data-id=\"31b8c069\" data-element_type=\"widget\" data-e-type=\"widget\" data-widget_type=\"heading.default\">\n\t\t\t\t<div class=\"elementor-widget-container\">\n\t\t\t\t\t<h2 class=\"elementor-heading-title elementor-size-default\">WORKSHOPS \/ TALLERES DE PR\u00c1CTICA<\/h2>\t\t\t\t<\/div>\n\t\t\t\t<\/div>\n\t\t\t\t\t<\/div>\n\t\t<\/div>\n\t\t\t\t\t<\/div>\n\t\t<\/section>\n\t\t\t\t<section class=\"elementor-section elementor-top-section elementor-element elementor-element-39c09ca1 elementor-section-content-middle elementor-section-boxed elementor-section-height-default elementor-section-height-default\" data-id=\"39c09ca1\" data-element_type=\"section\" data-e-type=\"section\" data-settings=\"{&quot;background_background&quot;:&quot;classic&quot;,&quot;background_motion_fx_motion_fx_scrolling&quot;:&quot;yes&quot;,&quot;background_motion_fx_translateX_effect&quot;:&quot;yes&quot;,&quot;background_motion_fx_translateX_speed&quot;:{&quot;unit&quot;:&quot;px&quot;,&quot;size&quot;:5,&quot;sizes&quot;:[]},&quot;background_motion_fx_translateX_affectedRange&quot;:{&quot;unit&quot;:&quot;%&quot;,&quot;size&quot;:&quot;&quot;,&quot;sizes&quot;:{&quot;start&quot;:0,&quot;end&quot;:100}},&quot;background_motion_fx_devices&quot;:[&quot;desktop&quot;,&quot;tablet&quot;,&quot;mobile&quot;]}\">\n\t\t\t\t\t\t<div class=\"elementor-container elementor-column-gap-default\">\n\t\t\t\t\t<div class=\"elementor-column elementor-col-50 elementor-top-column elementor-element elementor-element-277a2d66 elementor-invisible\" data-id=\"277a2d66\" data-element_type=\"column\" data-e-type=\"column\" data-settings=\"{&quot;animation&quot;:&quot;zoomInRight&quot;}\">\n\t\t\t<div class=\"elementor-widget-wrap elementor-element-populated\">\n\t\t\t\t\t\t<div class=\"elementor-element elementor-element-c778909 elementor-widget elementor-widget-elementskit-heading\" data-id=\"c778909\" data-element_type=\"widget\" data-e-type=\"widget\" data-widget_type=\"elementskit-heading.default\">\n\t\t\t\t<div class=\"elementor-widget-container\">\n\t\t\t\t\t<div class=\"ekit-wid-con\" ><div class=\"ekit-heading elementskit-section-title-wraper text_left   ekit_heading_tablet-text_center   ekit_heading_mobile-\"><h2 class=\"ekit-heading--title elementskit-section-title \">Conversational Club \/ Reading Club \/ Grammar Club \/ Karaoke \/ Video Club \/ Writing Club \/ Outdoors<\/h2><div class=\"ekit_heading_separetor_wraper ekit_heading_elementskit-border-divider ekit-dotted\"><div class=\"elementskit-border-divider ekit-dotted\"><\/div><\/div>\t\t\t\t<div class='ekit-heading__description'>\n\t\t\t\t\t<p>Los talleres se ofrecen todos los viernes de 3:00 p. m. a 7:00 p. m., con una duraci\u00f3n de 1 hora y 30 minutos cada uno. Es necesario reservar para asistir.<\/p>\n<p><strong>BENEFICIOS<\/strong><\/p>\n<p>1.- Favorecen el desarrollo del lenguaje y la expresi\u00f3n.<\/p>\n<p>2.- Permiten practicar y conversar en un ambiente relajado.<\/p>\n<p>3.- Contribuyen a la expresi\u00f3n oral y escrita, as\u00ed como al desarrollo de la concentraci\u00f3n y la asimilaci\u00f3n.<\/p>\n\t\t\t\t<\/div>\n\t\t\t<\/div><\/div>\t\t\t\t<\/div>\n\t\t\t\t<\/div>\n\t\t\t\t\t<\/div>\n\t\t<\/div>\n\t\t\t\t<div class=\"elementor-column elementor-col-50 elementor-top-column elementor-element elementor-element-3f74b08 elementor-invisible\" data-id=\"3f74b08\" data-element_type=\"column\" data-e-type=\"column\" data-settings=\"{&quot;animation&quot;:&quot;zoomInLeft&quot;}\">\n\t\t\t<div class=\"elementor-widget-wrap elementor-element-populated\">\n\t\t\t\t\t\t<div class=\"elementor-element elementor-element-af6184b elementor-widget elementor-widget-image\" data-id=\"af6184b\" data-element_type=\"widget\" data-e-type=\"widget\" data-widget_type=\"image.default\">\n\t\t\t\t<div class=\"elementor-widget-container\">\n\t\t\t\t\t\t\t\t\t\t\t\t\t\t\t<img fetchpriority=\"high\" decoding=\"async\" width=\"800\" height=\"534\" src=\"https:\/\/medesenglishschool.com\/wp-content\/uploads\/2023\/04\/FOTO-PLAT-TALLERES-1024x683.jpg\" class=\"attachment-large size-large wp-image-858\" alt=\"\" srcset=\"https:\/\/medesenglishschool.com\/wp-content\/uploads\/2023\/04\/FOTO-PLAT-TALLERES-1024x683.jpg 1024w, https:\/\/medesenglishschool.com\/wp-content\/uploads\/2023\/04\/FOTO-PLAT-TALLERES-300x200.jpg 300w, https:\/\/medesenglishschool.com\/wp-content\/uploads\/2023\/04\/FOTO-PLAT-TALLERES-768x512.jpg 768w, https:\/\/medesenglishschool.com\/wp-content\/uploads\/2023\/04\/FOTO-PLAT-TALLERES-1536x1024.jpg 1536w, https:\/\/medesenglishschool.com\/wp-content\/uploads\/2023\/04\/FOTO-PLAT-TALLERES-2048x1365.jpg 2048w\" sizes=\"(max-width: 800px) 100vw, 800px\" \/>\t\t\t\t\t\t\t\t\t\t\t\t\t\t\t<\/div>\n\t\t\t\t<\/div>\n\t\t\t\t\t<\/div>\n\t\t<\/div>\n\t\t\t\t\t<\/div>\n\t\t<\/section>\n\t\t\t\t<section class=\"elementor-section elementor-top-section elementor-element elementor-element-afd5a4f elementor-section-boxed elementor-section-height-default elementor-section-height-default\" data-id=\"afd5a4f\" data-element_type=\"section\" data-e-type=\"section\">\n\t\t\t\t\t\t<div class=\"elementor-container elementor-column-gap-default\">\n\t\t\t\t\t<div class=\"elementor-column elementor-col-25 elementor-top-column elementor-element elementor-element-72163ce\" data-id=\"72163ce\" data-element_type=\"column\" data-e-type=\"column\">\n\t\t\t<div class=\"elementor-widget-wrap elementor-element-populated\">\n\t\t\t\t\t\t<div class=\"elementor-element elementor-element-89cc7c8 elementor-widget elementor-widget-image\" data-id=\"89cc7c8\" data-element_type=\"widget\" data-e-type=\"widget\" data-widget_type=\"image.default\">\n\t\t\t\t<div class=\"elementor-widget-container\">\n\t\t\t\t\t\t\t\t\t\t\t\t\t\t\t<img decoding=\"async\" width=\"712\" height=\"476\" src=\"https:\/\/medesenglishschool.com\/wp-content\/uploads\/2023\/04\/KC.jpg\" class=\"attachment-large size-large wp-image-867\" alt=\"\" srcset=\"https:\/\/medesenglishschool.com\/wp-content\/uploads\/2023\/04\/KC.jpg 712w, https:\/\/medesenglishschool.com\/wp-content\/uploads\/2023\/04\/KC-300x201.jpg 300w\" sizes=\"(max-width: 712px) 100vw, 712px\" \/>\t\t\t\t\t\t\t\t\t\t\t\t\t\t\t<\/div>\n\t\t\t\t<\/div>\n\t\t\t\t\t<\/div>\n\t\t<\/div>\n\t\t\t\t<div class=\"elementor-column elementor-col-25 elementor-top-column elementor-element elementor-element-c5c34ed\" data-id=\"c5c34ed\" data-element_type=\"column\" data-e-type=\"column\">\n\t\t\t<div class=\"elementor-widget-wrap elementor-element-populated\">\n\t\t\t\t\t\t<div class=\"elementor-element elementor-element-f48ebb3 elementor-widget elementor-widget-image\" data-id=\"f48ebb3\" data-element_type=\"widget\" data-e-type=\"widget\" data-widget_type=\"image.default\">\n\t\t\t\t<div class=\"elementor-widget-container\">\n\t\t\t\t\t\t\t\t\t\t\t\t\t\t\t<img decoding=\"async\" width=\"498\" height=\"328\" src=\"https:\/\/medesenglishschool.com\/wp-content\/uploads\/2023\/04\/OUTDOORS-ACTIVITIES.jpg\" class=\"attachment-large size-large wp-image-866\" alt=\"\" srcset=\"https:\/\/medesenglishschool.com\/wp-content\/uploads\/2023\/04\/OUTDOORS-ACTIVITIES.jpg 498w, https:\/\/medesenglishschool.com\/wp-content\/uploads\/2023\/04\/OUTDOORS-ACTIVITIES-300x198.jpg 300w\" sizes=\"(max-width: 498px) 100vw, 498px\" \/>\t\t\t\t\t\t\t\t\t\t\t\t\t\t\t<\/div>\n\t\t\t\t<\/div>\n\t\t\t\t\t<\/div>\n\t\t<\/div>\n\t\t\t\t<div class=\"elementor-column elementor-col-25 elementor-top-column elementor-element elementor-element-983f848\" data-id=\"983f848\" data-element_type=\"column\" data-e-type=\"column\">\n\t\t\t<div class=\"elementor-widget-wrap elementor-element-populated\">\n\t\t\t\t\t\t<div class=\"elementor-element elementor-element-14a4312 elementor-widget elementor-widget-image\" data-id=\"14a4312\" data-element_type=\"widget\" data-e-type=\"widget\" data-widget_type=\"image.default\">\n\t\t\t\t<div class=\"elementor-widget-container\">\n\t\t\t\t\t\t\t\t\t\t\t\t\t\t\t<img loading=\"lazy\" decoding=\"async\" width=\"800\" height=\"600\" src=\"https:\/\/medesenglishschool.com\/wp-content\/uploads\/2023\/04\/LIVE-WRTING-CLUB-1024x768.jpg\" class=\"attachment-large size-large wp-image-865\" alt=\"\" srcset=\"https:\/\/medesenglishschool.com\/wp-content\/uploads\/2023\/04\/LIVE-WRTING-CLUB-1024x768.jpg 1024w, https:\/\/medesenglishschool.com\/wp-content\/uploads\/2023\/04\/LIVE-WRTING-CLUB-300x225.jpg 300w, https:\/\/medesenglishschool.com\/wp-content\/uploads\/2023\/04\/LIVE-WRTING-CLUB-768x576.jpg 768w, https:\/\/medesenglishschool.com\/wp-content\/uploads\/2023\/04\/LIVE-WRTING-CLUB.jpg 1118w\" sizes=\"(max-width: 800px) 100vw, 800px\" \/>\t\t\t\t\t\t\t\t\t\t\t\t\t\t\t<\/div>\n\t\t\t\t<\/div>\n\t\t\t\t\t<\/div>\n\t\t<\/div>\n\t\t\t\t<div class=\"elementor-column elementor-col-25 elementor-top-column elementor-element elementor-element-d7ac188\" data-id=\"d7ac188\" data-element_type=\"column\" data-e-type=\"column\">\n\t\t\t<div class=\"elementor-widget-wrap elementor-element-populated\">\n\t\t\t\t\t\t<div class=\"elementor-element elementor-element-8a2d799 elementor-widget elementor-widget-image\" data-id=\"8a2d799\" data-element_type=\"widget\" data-e-type=\"widget\" data-widget_type=\"image.default\">\n\t\t\t\t<div class=\"elementor-widget-container\">\n\t\t\t\t\t\t\t\t\t\t\t\t\t\t\t<img loading=\"lazy\" decoding=\"async\" width=\"800\" height=\"600\" src=\"https:\/\/medesenglishschool.com\/wp-content\/uploads\/2023\/04\/LIVE-RC-1024x768.jpg\" class=\"attachment-large size-large wp-image-864\" alt=\"\" srcset=\"https:\/\/medesenglishschool.com\/wp-content\/uploads\/2023\/04\/LIVE-RC-1024x768.jpg 1024w, https:\/\/medesenglishschool.com\/wp-content\/uploads\/2023\/04\/LIVE-RC-300x225.jpg 300w, https:\/\/medesenglishschool.com\/wp-content\/uploads\/2023\/04\/LIVE-RC-768x576.jpg 768w, https:\/\/medesenglishschool.com\/wp-content\/uploads\/2023\/04\/LIVE-RC.jpg 1103w\" sizes=\"(max-width: 800px) 100vw, 800px\" \/>\t\t\t\t\t\t\t\t\t\t\t\t\t\t\t<\/div>\n\t\t\t\t<\/div>\n\t\t\t\t\t<\/div>\n\t\t<\/div>\n\t\t\t\t\t<\/div>\n\t\t<\/section>\n\t\t\t\t<section class=\"elementor-section elementor-top-section elementor-element elementor-element-2828020 elementor-section-boxed elementor-section-height-default elementor-section-height-default\" data-id=\"2828020\" data-element_type=\"section\" data-e-type=\"section\">\n\t\t\t\t\t\t<div class=\"elementor-container elementor-column-gap-default\">\n\t\t\t\t\t<div class=\"elementor-column elementor-col-33 elementor-top-column elementor-element elementor-element-f0e89c3\" data-id=\"f0e89c3\" data-element_type=\"column\" data-e-type=\"column\">\n\t\t\t<div class=\"elementor-widget-wrap elementor-element-populated\">\n\t\t\t\t\t\t<div class=\"elementor-element elementor-element-5d49739 elementor-widget elementor-widget-image\" data-id=\"5d49739\" data-element_type=\"widget\" data-e-type=\"widget\" data-widget_type=\"image.default\">\n\t\t\t\t<div class=\"elementor-widget-container\">\n\t\t\t\t\t\t\t\t\t\t\t\t\t\t\t<img decoding=\"async\" src=\"https:\/\/medesenglishschool.com\/wp-content\/uploads\/2023\/04\/LIVE-GW.jpg\" title=\"\" alt=\"\" loading=\"lazy\" \/>\t\t\t\t\t\t\t\t\t\t\t\t\t\t\t<\/div>\n\t\t\t\t<\/div>\n\t\t\t\t\t<\/div>\n\t\t<\/div>\n\t\t\t\t<div class=\"elementor-column elementor-col-33 elementor-top-column elementor-element elementor-element-3e0f4a9\" data-id=\"3e0f4a9\" data-element_type=\"column\" data-e-type=\"column\">\n\t\t\t<div class=\"elementor-widget-wrap elementor-element-populated\">\n\t\t\t\t\t\t<div class=\"elementor-element elementor-element-3390200 elementor-widget elementor-widget-image\" data-id=\"3390200\" data-element_type=\"widget\" data-e-type=\"widget\" data-widget_type=\"image.default\">\n\t\t\t\t<div class=\"elementor-widget-container\">\n\t\t\t\t\t\t\t\t\t\t\t\t\t\t\t<img loading=\"lazy\" decoding=\"async\" width=\"800\" height=\"947\" src=\"https:\/\/medesenglishschool.com\/wp-content\/uploads\/2023\/04\/LIVE-COOK-C-865x1024.jpg\" class=\"attachment-large size-large wp-image-862\" alt=\"\" srcset=\"https:\/\/medesenglishschool.com\/wp-content\/uploads\/2023\/04\/LIVE-COOK-C-865x1024.jpg 865w, https:\/\/medesenglishschool.com\/wp-content\/uploads\/2023\/04\/LIVE-COOK-C-253x300.jpg 253w, https:\/\/medesenglishschool.com\/wp-content\/uploads\/2023\/04\/LIVE-COOK-C-768x910.jpg 768w, https:\/\/medesenglishschool.com\/wp-content\/uploads\/2023\/04\/LIVE-COOK-C.jpg 1118w\" sizes=\"(max-width: 800px) 100vw, 800px\" \/>\t\t\t\t\t\t\t\t\t\t\t\t\t\t\t<\/div>\n\t\t\t\t<\/div>\n\t\t\t\t\t<\/div>\n\t\t<\/div>\n\t\t\t\t<div class=\"elementor-column elementor-col-33 elementor-top-column elementor-element elementor-element-8a9feb2\" data-id=\"8a9feb2\" data-element_type=\"column\" data-e-type=\"column\">\n\t\t\t<div class=\"elementor-widget-wrap elementor-element-populated\">\n\t\t\t\t\t\t<div class=\"elementor-element elementor-element-727b045 elementor-widget elementor-widget-image\" data-id=\"727b045\" data-element_type=\"widget\" data-e-type=\"widget\" data-widget_type=\"image.default\">\n\t\t\t\t<div class=\"elementor-widget-container\">\n\t\t\t\t\t\t\t\t\t\t\t\t\t\t\t<img loading=\"lazy\" decoding=\"async\" width=\"800\" height=\"600\" src=\"https:\/\/medesenglishschool.com\/wp-content\/uploads\/2023\/04\/LIVE-CC-1024x768.jpg\" class=\"attachment-large size-large wp-image-861\" alt=\"\" srcset=\"https:\/\/medesenglishschool.com\/wp-content\/uploads\/2023\/04\/LIVE-CC-1024x768.jpg 1024w, https:\/\/medesenglishschool.com\/wp-content\/uploads\/2023\/04\/LIVE-CC-300x225.jpg 300w, https:\/\/medesenglishschool.com\/wp-content\/uploads\/2023\/04\/LIVE-CC-768x576.jpg 768w, https:\/\/medesenglishschool.com\/wp-content\/uploads\/2023\/04\/LIVE-CC.jpg 1118w\" sizes=\"(max-width: 800px) 100vw, 800px\" \/>\t\t\t\t\t\t\t\t\t\t\t\t\t\t\t<\/div>\n\t\t\t\t<\/div>\n\t\t\t\t\t<\/div>\n\t\t<\/div>\n\t\t\t\t\t<\/div>\n\t\t<\/section>\n\t\t\t\t<\/div>\n\t\t","protected":false},"excerpt":{"rendered":"<p>WORKSHOPS \/ TALLERES DE PR\u00c1CTICA Conversational Club \/ Reading Club \/ Grammar Club \/ Karaoke \/ Video Club \/ Writing Club \/ Outdoors Los talleres se ofrecen todos los viernes de 3:00 p. m. a 7:00 p. m., con una duraci\u00f3n de 1 hora y 30 minutos cada uno. Es necesario reservar para asistir. BENEFICIOS&#8230;<\/p>\n","protected":false},"author":1,"featured_media":0,"parent":0,"menu_order":0,"comment_status":"closed","ping_status":"closed","template":"","meta":{"footnotes":""},"class_list":["post-82","page","type-page","status-publish","hentry"],"_links":{"self":[{"href":"https:\/\/medesenglishschool.com\/index.php\/wp-json\/wp\/v2\/pages\/82","targetHints":{"allow":["GET"]}}],"collection":[{"href":"https:\/\/medesenglishschool.com\/index.php\/wp-json\/wp\/v2\/pages"}],"about":[{"href":"https:\/\/medesenglishschool.com\/index.php\/wp-json\/wp\/v2\/types\/page"}],"author":[{"embeddable":true,"href":"https:\/\/medesenglishschool.com\/index.php\/wp-json\/wp\/v2\/users\/1"}],"replies":[{"embeddable":true,"href":"https:\/\/medesenglishschool.com\/index.php\/wp-json\/wp\/v2\/comments?post=82"}],"version-history":[{"count":31,"href":"https:\/\/medesenglishschool.com\/index.php\/wp-json\/wp\/v2\/pages\/82\/revisions"}],"predecessor-version":[{"id":1197,"href":"https:\/\/medesenglishschool.com\/index.php\/wp-json\/wp\/v2\/pages\/82\/revisions\/1197"}],"wp:attachment":[{"href":"https:\/\/medesenglishschool.com\/index.php\/wp-json\/wp\/v2\/media?parent=82"}],"curies":[{"name":"wp","href":"https:\/\/api.w.org\/{rel}","templated":true}]}}